{"id":19,"date":"2020-07-23T07:11:59","date_gmt":"2020-07-23T07:11:59","guid":{"rendered":"https:\/\/empyrean.hu\/home\/"},"modified":"2024-03-25T14:20:03","modified_gmt":"2024-03-25T14:20:03","slug":"home","status":"publish","type":"page","link":"https:\/\/empyrean.hu\/hu\/","title":{"rendered":"Itthon"},"content":{"rendered":"<div data-elementor-type=\"wp-page\" data-elementor-id=\"19\" class=\"elementor elementor-19\" data-elementor-post-type=\"page\">\n\t\t\t\t\t\t<section class=\"elementor-section elementor-top-section elementor-element elementor-element-f6d3a41 elementor-section-content-bottom elementor-section-height-full elementor-section-boxed elementor-section-height-default elementor-section-items-middle\" data-id=\"f6d3a41\" data-element_type=\"section\" data-e-type=\"section\" data-settings=\"{&quot;background_background&quot;:&quot;classic&quot;}\">\n\t\t\t\t\t\t\t<div class=\"elementor-background-overlay\"><\/div>\n\t\t\t\t\t\t\t<div class=\"elementor-container elementor-column-gap-no\">\n\t\t\t\t\t<div class=\"elementor-column elementor-col-50 elementor-top-column elementor-element elementor-element-9c3161e\" data-id=\"9c3161e\" data-element_type=\"column\" data-e-type=\"column\">\n\t\t\t<div class=\"elementor-widget-wrap\">\n\t\t\t\t\t\t\t<\/div>\n\t\t<\/div>\n\t\t\t\t<div class=\"elementor-column elementor-col-50 elementor-top-column elementor-element elementor-element-316e182\" data-id=\"316e182\" data-element_type=\"column\" data-e-type=\"column\">\n\t\t\t<div class=\"elementor-widget-wrap elementor-element-populated\">\n\t\t\t\t\t\t<div class=\"elementor-element elementor-element-0964430 elementor-widget elementor-widget-heading\" data-id=\"0964430\" data-element_type=\"widget\" data-e-type=\"widget\" data-widget_type=\"heading.default\">\n\t\t\t\t<div class=\"elementor-widget-container\">\n\t\t\t\t\t<h1 class=\"elementor-heading-title elementor-size-default\">Empyrean Rhodesian Ridgeback Kennel.<\/h1>\t\t\t\t<\/div>\n\t\t\t\t<\/div>\n\t\t\t\t<div class=\"elementor-element elementor-element-cf24993 elementor-widget elementor-widget-text-editor\" data-id=\"cf24993\" data-element_type=\"widget\" data-e-type=\"widget\" data-widget_type=\"text-editor.default\">\n\t\t\t\t<div class=\"elementor-widget-container\">\n\t\t\t\t\t\t\t\t\t<p>Ha egy sz\u00f3ban kellene \u00f6sszefoglalnom, amit \u00e9rzek, ha a kuty\u00e1imra gondolok akkor az a Mennyorsz\u00e1g.<\/p>\t\t\t\t\t\t\t\t<\/div>\n\t\t\t\t<\/div>\n\t\t\t\t<div class=\"elementor-element elementor-element-e87bb70 elementor-widget elementor-widget-button\" data-id=\"e87bb70\" data-element_type=\"widget\" data-e-type=\"widget\" data-widget_type=\"button.default\">\n\t\t\t\t<div class=\"elementor-widget-container\">\n\t\t\t\t\t\t\t\t\t<div class=\"elementor-button-wrapper\">\n\t\t\t\t\t<a class=\"elementor-button elementor-button-link elementor-size-sm\" href=\"https:\/\/empyrean.hu\/hu\/about-our-kennel-empyrean\/\">\n\t\t\t\t\t\t<span class=\"elementor-button-content-wrapper\">\n\t\t\t\t\t\t\t\t\t<span class=\"elementor-button-text\">B\u0151vebben r\u00f3lunk <\/span>\n\t\t\t\t\t<\/span>\n\t\t\t\t\t<\/a>\n\t\t\t\t<\/div>\n\t\t\t\t\t\t\t\t<\/div>\n\t\t\t\t<\/div>\n\t\t\t\t\t<\/div>\n\t\t<\/div>\n\t\t\t\t\t<\/div>\n\t\t<\/section>\n\t\t\t\t<section class=\"elementor-section elementor-top-section elementor-element elementor-element-ce16763 elementor-section-boxed elementor-section-height-default elementor-section-height-default\" data-id=\"ce16763\" data-element_type=\"section\" data-e-type=\"section\" data-settings=\"{&quot;background_background&quot;:&quot;classic&quot;}\">\n\t\t\t\t\t\t\t<div class=\"elementor-background-overlay\"><\/div>\n\t\t\t\t\t\t\t<div class=\"elementor-container elementor-column-gap-default\">\n\t\t\t\t\t<div class=\"elementor-column elementor-col-100 elementor-top-column elementor-element elementor-element-0a8e66a\" data-id=\"0a8e66a\" data-element_type=\"column\" data-e-type=\"column\">\n\t\t\t<div class=\"elementor-widget-wrap elementor-element-populated\">\n\t\t\t\t\t\t<div class=\"elementor-element elementor-element-c762132 elementor-widget elementor-widget-heading\" data-id=\"c762132\" data-element_type=\"widget\" data-e-type=\"widget\" data-widget_type=\"heading.default\">\n\t\t\t\t<div class=\"elementor-widget-container\">\n\t\t\t\t\t<h2 class=\"elementor-heading-title elementor-size-default\">Empyrean <\/h2>\t\t\t\t<\/div>\n\t\t\t\t<\/div>\n\t\t\t\t<div class=\"elementor-element elementor-element-2930c06 elementor-widget elementor-widget-heading\" data-id=\"2930c06\" data-element_type=\"widget\" data-e-type=\"widget\" data-widget_type=\"heading.default\">\n\t\t\t\t<div class=\"elementor-widget-container\">\n\t\t\t\t\t<h2 class=\"elementor-heading-title elementor-size-default\">Rhodesian Ridgeback Kennel<\/h2>\t\t\t\t<\/div>\n\t\t\t\t<\/div>\n\t\t\t\t<div class=\"elementor-element elementor-element-85dadda elementor-widget elementor-widget-heading\" data-id=\"85dadda\" data-element_type=\"widget\" data-e-type=\"widget\" data-widget_type=\"heading.default\">\n\t\t\t\t<div class=\"elementor-widget-container\">\n\t\t\t\t\t<h2 class=\"elementor-heading-title elementor-size-default\">Ahol a H\u0171s\u00e9g<br>\u00e9s a Magas Sz\u00ednvonal \u00f6ssze\u00e9r.<\/h2>\t\t\t\t<\/div>\n\t\t\t\t<\/div>\n\t\t\t\t<div class=\"elementor-element elementor-element-a3c3b1b elementor-widget elementor-widget-text-editor\" data-id=\"a3c3b1b\" data-element_type=\"widget\" data-e-type=\"widget\" data-widget_type=\"text-editor.default\">\n\t\t\t\t<div class=\"elementor-widget-container\">\n\t\t\t\t\t\t\t\t\t<p>Szeretettel osztom meg kuty\u00e1im ir\u00e1nti szeretetemet \u00e9s azt, hogyan fedeztem fel a Rhodesian Ridgeback fajt\u00e1t 2016-ban. Kifejezem, hogy egy h\u0171s\u00e9ges t\u00e1rsra v\u00e1gytam, akivel felfedezhetem a hegyeket, \u00e9s v\u00e1lasztottam egy h\u00edmet, Zione-t. Zione-t k\u00fcl\u00f6nb\u00f6z\u0151 engedelmess\u00e9gi vizsg\u00e1kon, \u0151rz\u00e9si \u00e9s v\u00e9delmi k\u00e9pz\u00e9sen, agility-n \u00e9s ki\u00e1ll\u00edt\u00e1sokon k\u00e9peztem, majd beleszerettem a kutyateny\u00e9szt\u00e9s vil\u00e1g\u00e1ba. Most m\u00e1r saj\u00e1t teny\u00e9szetem, az Empyrean Rhodesian Ridgeback Teny\u00e9szetem van, \u00e9s egy \u00faj kuty\u00e1t szereztem, akit Incredible Art ElderFlower Bella-nak h\u00edvnak, Oroszorsz\u00e1gb\u00f3l, eg\u00e9szs\u00e9ges v\u00e9rvonal\u00fa. Saj\u00e1t utamat szeretn\u00e9m k\u00f6vetni \u00e9s r\u00e9szt venni ennek a csod\u00e1latos fajt\u00e1nak a j\u00f6v\u0151j\u00e9ben, mik\u00f6zben m\u00e1soknak is \u00e1tadom a szerzett tud\u00e1somat.<\/p>\t\t\t\t\t\t\t\t<\/div>\n\t\t\t\t<\/div>\n\t\t\t\t<div class=\"elementor-element elementor-element-5089e86 elementor-align-center elementor-widget elementor-widget-button\" data-id=\"5089e86\" data-element_type=\"widget\" data-e-type=\"widget\" data-widget_type=\"button.default\">\n\t\t\t\t<div class=\"elementor-widget-container\">\n\t\t\t\t\t\t\t\t\t<div class=\"elementor-button-wrapper\">\n\t\t\t\t\t<a class=\"elementor-button elementor-button-link elementor-size-sm\" href=\"https:\/\/empyrean.hu\/hu\/about-our-kennel-empyrean\/\">\n\t\t\t\t\t\t<span class=\"elementor-button-content-wrapper\">\n\t\t\t\t\t\t\t\t\t<span class=\"elementor-button-text\">B\u0151vebben r\u00f3lunk<\/span>\n\t\t\t\t\t<\/span>\n\t\t\t\t\t<\/a>\n\t\t\t\t<\/div>\n\t\t\t\t\t\t\t\t<\/div>\n\t\t\t\t<\/div>\n\t\t\t\t\t<\/div>\n\t\t<\/div>\n\t\t\t\t\t<\/div>\n\t\t<\/section>\n\t\t\t\t<section class=\"elementor-section elementor-top-section elementor-element elementor-element-d1f59f3 elementor-section-full_width elementor-section-height-default elementor-section-height-default\" data-id=\"d1f59f3\" data-element_type=\"section\" data-e-type=\"section\">\n\t\t\t\t\t\t<div class=\"elementor-container elementor-column-gap-no\">\n\t\t\t\t\t<div class=\"elementor-column elementor-col-100 elementor-top-column elementor-element elementor-element-cc95736\" data-id=\"cc95736\" data-element_type=\"column\" data-e-type=\"column\">\n\t\t\t<div class=\"elementor-widget-wrap elementor-element-populated\">\n\t\t\t\t\t\t<div class=\"elementor-element elementor-element-0563483 elementor-widget elementor-widget-gallery\" data-id=\"0563483\" data-element_type=\"widget\" data-e-type=\"widget\" data-settings=\"{&quot;columns&quot;:2,&quot;gap&quot;:{&quot;unit&quot;:&quot;px&quot;,&quot;size&quot;:0,&quot;sizes&quot;:[]},&quot;gap_mobile&quot;:{&quot;unit&quot;:&quot;px&quot;,&quot;size&quot;:0,&quot;sizes&quot;:[]},&quot;gap_tablet&quot;:{&quot;unit&quot;:&quot;px&quot;,&quot;size&quot;:0,&quot;sizes&quot;:[]},&quot;lazyload&quot;:&quot;yes&quot;,&quot;gallery_layout&quot;:&quot;grid&quot;,&quot;columns_tablet&quot;:2,&quot;columns_mobile&quot;:1,&quot;aspect_ratio&quot;:&quot;3:2&quot;,&quot;overlay_background&quot;:&quot;yes&quot;,&quot;content_hover_animation&quot;:&quot;fade-in&quot;}\" data-widget_type=\"gallery.default\">\n\t\t\t\t<div class=\"elementor-widget-container\">\n\t\t\t\t\t\t\t<div class=\"elementor-gallery__container\">\n\t\t\t\t\t\t\t<div class=\"e-gallery-item elementor-gallery-item elementor-animated-content\">\n\t\t\t\t\t<div class=\"e-gallery-image elementor-gallery-item__image\" data-thumbnail=\"https:\/\/empyrean.hu\/wp-content\/uploads\/2024\/03\/IMG_9669-min-scaled.jpg\" data-width=\"2560\" data-height=\"1707\" aria-label=\"\" role=\"img\" ><\/div>\n\t\t\t\t\t\t\t\t\t\t\t<div class=\"elementor-gallery-item__overlay\"><\/div>\n\t\t\t\t\t\t\t\t\t\t\t\t\t\t<\/div>\n\t\t\t\t\t\t\t<div class=\"e-gallery-item elementor-gallery-item elementor-animated-content\">\n\t\t\t\t\t<div class=\"e-gallery-image elementor-gallery-item__image\" data-thumbnail=\"https:\/\/empyrean.hu\/wp-content\/uploads\/2024\/03\/IMG_9674-min-scaled.jpg\" data-width=\"2560\" data-height=\"2560\" aria-label=\"\" role=\"img\" ><\/div>\n\t\t\t\t\t\t\t\t\t\t\t<div class=\"elementor-gallery-item__overlay\"><\/div>\n\t\t\t\t\t\t\t\t\t\t\t\t\t\t<\/div>\n\t\t\t\t\t\t\t<div class=\"e-gallery-item elementor-gallery-item elementor-animated-content\">\n\t\t\t\t\t<div class=\"e-gallery-image elementor-gallery-item__image\" data-thumbnail=\"https:\/\/empyrean.hu\/wp-content\/uploads\/2024\/03\/IMG_9945-min-scaled.jpg\" data-width=\"2560\" data-height=\"1708\" aria-label=\"\" role=\"img\" ><\/div>\n\t\t\t\t\t\t\t\t\t\t\t<div class=\"elementor-gallery-item__overlay\"><\/div>\n\t\t\t\t\t\t\t\t\t\t\t\t\t\t<\/div>\n\t\t\t\t\t\t\t<div class=\"e-gallery-item elementor-gallery-item elementor-animated-content\">\n\t\t\t\t\t<div class=\"e-gallery-image elementor-gallery-item__image\" data-thumbnail=\"https:\/\/empyrean.hu\/wp-content\/uploads\/2024\/03\/IMG_9691-min-scaled.jpg\" data-width=\"2560\" data-height=\"1706\" aria-label=\"\" role=\"img\" ><\/div>\n\t\t\t\t\t\t\t\t\t\t\t<div class=\"elementor-gallery-item__overlay\"><\/div>\n\t\t\t\t\t\t\t\t\t\t\t\t\t\t<\/div>\n\t\t\t\t\t<\/div>\n\t\t\t\t\t<\/div>\n\t\t\t\t<\/div>\n\t\t\t\t\t<\/div>\n\t\t<\/div>\n\t\t\t\t\t<\/div>\n\t\t<\/section>\n\t\t\t\t<\/div>","protected":false},"excerpt":{"rendered":"<p>Empyrean Rhodesian Ridgeback Kennel. If I had to sum up in one word what I feel when I think about my dogs, it would be Heaven. More about us Empyrean Rhodesian Ridgeback Kennel Where loyal companionsand high standards meet. I share my love for my dogs and how I discovered the Rhodesian Ridgeback breed in [&hellip;]<\/p>\n","protected":false},"author":1,"featured_media":0,"parent":0,"menu_order":0,"comment_status":"closed","ping_status":"closed","template":"","meta":{"site-sidebar-layout":"no-sidebar","site-content-layout":"page-builder","ast-site-content-layout":"default","site-content-style":"default","site-sidebar-style":"default","ast-global-header-display":"","ast-banner-title-visibility":"","ast-main-header-display":"","ast-hfb-above-header-display":"","ast-hfb-below-header-display":"","ast-hfb-mobile-header-display":"","site-post-title":"disabled","ast-breadcrumbs-content":"","ast-featured-img":"disabled","footer-sml-layout":"","ast-disable-related-posts":"","theme-transparent-header-meta":"enabled","adv-header-id-meta":"","stick-header-meta":"","header-above-stick-meta":"","header-main-stick-meta":"","header-below-stick-meta":"","astra-migrate-meta-layouts":"default","ast-page-background-enabled":"default","ast-page-background-meta":{"desktop":{"background-color":"","background-image":"","background-repeat":"repeat","background-position":"center center","background-size":"auto","background-attachment":"scroll","background-type":"","background-media":"","overlay-type":"","overlay-color":"","overlay-opacity":"","overlay-gradient":""},"tablet":{"background-color":"","background-image":"","background-repeat":"repeat","background-position":"center center","background-size":"auto","background-attachment":"scroll","background-type":"","background-media":"","overlay-type":"","overlay-color":"","overlay-opacity":"","overlay-gradient":""},"mobile":{"background-color":"","background-image":"","background-repeat":"repeat","background-position":"center center","background-size":"auto","background-attachment":"scroll","background-type":"","background-media":"","overlay-type":"","overlay-color":"","overlay-opacity":"","overlay-gradient":""}},"ast-content-background-meta":{"desktop":{"background-color":"var(--ast-global-color-5)","background-image":"","background-repeat":"repeat","background-position":"center center","background-size":"auto","background-attachment":"scroll","background-type":"","background-media":"","overlay-type":"","overlay-color":"","overlay-opacity":"","overlay-gradient":""},"tablet":{"background-color":"var(--ast-global-color-5)","background-image":"","background-repeat":"repeat","background-position":"center center","background-size":"auto","background-attachment":"scroll","background-type":"","background-media":"","overlay-type":"","overlay-color":"","overlay-opacity":"","overlay-gradient":""},"mobile":{"background-color":"var(--ast-global-color-5)","background-image":"","background-repeat":"repeat","background-position":"center center","background-size":"auto","background-attachment":"scroll","background-type":"","background-media":"","overlay-type":"","overlay-color":"","overlay-opacity":"","overlay-gradient":""}},"footnotes":""},"class_list":["post-19","page","type-page","status-publish","hentry"],"yoast_head":"<!-- This site is optimized with the Yoast SEO plugin v27.4 - https:\/\/yoast.com\/product\/yoast-seo-wordpress\/ -->\n<title>Empyrean Rhodesian Ridgeback Kennel - Hungary<\/title>\n<meta name=\"description\" content=\"Empyrean Rhodesian Ridgeback Kennel is based in Hungary. Our vison is: &quot;Where loyal companionsand high standards meet.&quot;\" \/>\n<meta name=\"robots\" content=\"index, follow, max-snippet:-1, max-image-preview:large, max-video-preview:-1\" \/>\n<link rel=\"canonical\" href=\"https:\/\/empyrean.hu\/hu\/\" \/>\n<meta property=\"og:locale\" content=\"hu_HU\" \/>\n<meta property=\"og:type\" content=\"article\" \/>\n<meta property=\"og:title\" content=\"Empyrean Rhodesian Ridgeback Kennel - Hungary\" \/>\n<meta property=\"og:description\" content=\"Empyrean Rhodesian Ridgeback Kennel is based in Hungary. Our vison is: &quot;Where loyal companionsand high standards meet.&quot;\" \/>\n<meta property=\"og:url\" content=\"https:\/\/empyrean.hu\/hu\/\" \/>\n<meta property=\"og:site_name\" content=\"Empyrean\" \/>\n<meta property=\"article:publisher\" content=\"https:\/\/www.facebook.com\/virag.orczi\" \/>\n<meta property=\"article:modified_time\" content=\"2024-03-25T14:20:03+00:00\" \/>\n<meta property=\"og:image\" content=\"https:\/\/empyrean.hu\/wp-content\/uploads\/2022\/09\/virag-logo-scaled.jpg\" \/>\n\t<meta property=\"og:image:width\" content=\"2560\" \/>\n\t<meta property=\"og:image:height\" content=\"1707\" \/>\n\t<meta property=\"og:image:type\" content=\"image\/jpeg\" \/>\n<meta name=\"twitter:card\" content=\"summary_large_image\" \/>\n<meta name=\"twitter:label1\" content=\"Becs\u00fclt olvas\u00e1si id\u0151\" \/>\n\t<meta name=\"twitter:data1\" content=\"1 perc\" \/>\n<script type=\"application\/ld+json\" class=\"yoast-schema-graph\">{\"@context\":\"https:\\\/\\\/schema.org\",\"@graph\":[{\"@type\":\"WebPage\",\"@id\":\"https:\\\/\\\/empyrean.hu\\\/\",\"url\":\"https:\\\/\\\/empyrean.hu\\\/\",\"name\":\"Empyrean Rhodesian Ridgeback Kennel - Hungary\",\"isPartOf\":{\"@id\":\"https:\\\/\\\/empyrean.hu\\\/#website\"},\"datePublished\":\"2020-07-23T07:11:59+00:00\",\"dateModified\":\"2024-03-25T14:20:03+00:00\",\"description\":\"Empyrean Rhodesian Ridgeback Kennel is based in Hungary. Our vison is: \\\"Where loyal companionsand high standards meet.\\\"\",\"breadcrumb\":{\"@id\":\"https:\\\/\\\/empyrean.hu\\\/#breadcrumb\"},\"inLanguage\":\"hu\",\"potentialAction\":[{\"@type\":\"ReadAction\",\"target\":[\"https:\\\/\\\/empyrean.hu\\\/\"]}]},{\"@type\":\"BreadcrumbList\",\"@id\":\"https:\\\/\\\/empyrean.hu\\\/#breadcrumb\",\"itemListElement\":[{\"@type\":\"ListItem\",\"position\":1,\"name\":\"Home\",\"item\":\"https:\\\/\\\/empyrean.hu\\\/\"},{\"@type\":\"ListItem\",\"position\":2,\"name\":\"Home\"}]},{\"@type\":\"WebSite\",\"@id\":\"https:\\\/\\\/empyrean.hu\\\/#website\",\"url\":\"https:\\\/\\\/empyrean.hu\\\/\",\"name\":\"Empyrean Rhodesian Ridgebacks Hungary\",\"description\":\"Empyrean - Rhodesian Ridgeback kennel in Hungary\",\"publisher\":{\"@id\":\"https:\\\/\\\/empyrean.hu\\\/#organization\"},\"potentialAction\":[{\"@type\":\"SearchAction\",\"target\":{\"@type\":\"EntryPoint\",\"urlTemplate\":\"https:\\\/\\\/empyrean.hu\\\/?s={search_term_string}\"},\"query-input\":{\"@type\":\"PropertyValueSpecification\",\"valueRequired\":true,\"valueName\":\"search_term_string\"}}],\"inLanguage\":\"hu\"},{\"@type\":\"Organization\",\"@id\":\"https:\\\/\\\/empyrean.hu\\\/#organization\",\"name\":\"Empyrean Rhodesian Ridgebacks\",\"url\":\"https:\\\/\\\/empyrean.hu\\\/\",\"logo\":{\"@type\":\"ImageObject\",\"inLanguage\":\"hu\",\"@id\":\"https:\\\/\\\/empyrean.hu\\\/#\\\/schema\\\/logo\\\/image\\\/\",\"url\":\"https:\\\/\\\/empyrean.hu\\\/wp-content\\\/uploads\\\/2022\\\/09\\\/virag-logo-scaled.jpg\",\"contentUrl\":\"https:\\\/\\\/empyrean.hu\\\/wp-content\\\/uploads\\\/2022\\\/09\\\/virag-logo-scaled.jpg\",\"width\":2560,\"height\":1707,\"caption\":\"Empyrean Rhodesian Ridgebacks\"},\"image\":{\"@id\":\"https:\\\/\\\/empyrean.hu\\\/#\\\/schema\\\/logo\\\/image\\\/\"},\"sameAs\":[\"https:\\\/\\\/www.facebook.com\\\/virag.orczi\",\"https:\\\/\\\/www.instagram.com\\\/empyrean_ridgeback\\\/\"]}]}<\/script>\n<!-- \/ Yoast SEO plugin. -->","yoast_head_json":{"title":"Empyrean Rhodesian Ridgeback Kennel - Hungary","description":"Empyrean Rhodesian Ridgeback Kennel is based in Hungary. Our vison is: \"Where loyal companionsand high standards meet.\"","robots":{"index":"index","follow":"follow","max-snippet":"max-snippet:-1","max-image-preview":"max-image-preview:large","max-video-preview":"max-video-preview:-1"},"canonical":"https:\/\/empyrean.hu\/hu\/","og_locale":"hu_HU","og_type":"article","og_title":"Empyrean Rhodesian Ridgeback Kennel - Hungary","og_description":"Empyrean Rhodesian Ridgeback Kennel is based in Hungary. Our vison is: \"Where loyal companionsand high standards meet.\"","og_url":"https:\/\/empyrean.hu\/hu\/","og_site_name":"Empyrean","article_publisher":"https:\/\/www.facebook.com\/virag.orczi","article_modified_time":"2024-03-25T14:20:03+00:00","og_image":[{"width":2560,"height":1707,"url":"https:\/\/empyrean.hu\/wp-content\/uploads\/2022\/09\/virag-logo-scaled.jpg","type":"image\/jpeg"}],"twitter_card":"summary_large_image","twitter_misc":{"Becs\u00fclt olvas\u00e1si id\u0151":"1 perc"},"schema":{"@context":"https:\/\/schema.org","@graph":[{"@type":"WebPage","@id":"https:\/\/empyrean.hu\/","url":"https:\/\/empyrean.hu\/","name":"Empyrean Rhodesian Ridgeback Kennel - Hungary","isPartOf":{"@id":"https:\/\/empyrean.hu\/#website"},"datePublished":"2020-07-23T07:11:59+00:00","dateModified":"2024-03-25T14:20:03+00:00","description":"Empyrean Rhodesian Ridgeback Kennel is based in Hungary. Our vison is: \"Where loyal companionsand high standards meet.\"","breadcrumb":{"@id":"https:\/\/empyrean.hu\/#breadcrumb"},"inLanguage":"hu","potentialAction":[{"@type":"ReadAction","target":["https:\/\/empyrean.hu\/"]}]},{"@type":"BreadcrumbList","@id":"https:\/\/empyrean.hu\/#breadcrumb","itemListElement":[{"@type":"ListItem","position":1,"name":"Home","item":"https:\/\/empyrean.hu\/"},{"@type":"ListItem","position":2,"name":"Home"}]},{"@type":"WebSite","@id":"https:\/\/empyrean.hu\/#website","url":"https:\/\/empyrean.hu\/","name":"Empyrean Rhodesian Ridgebacks Hungary","description":"Empyrean - Rhodesian Ridgeback kennel in Hungary","publisher":{"@id":"https:\/\/empyrean.hu\/#organization"},"potentialAction":[{"@type":"SearchAction","target":{"@type":"EntryPoint","urlTemplate":"https:\/\/empyrean.hu\/?s={search_term_string}"},"query-input":{"@type":"PropertyValueSpecification","valueRequired":true,"valueName":"search_term_string"}}],"inLanguage":"hu"},{"@type":"Organization","@id":"https:\/\/empyrean.hu\/#organization","name":"Empyrean Rhodesian Ridgebacks","url":"https:\/\/empyrean.hu\/","logo":{"@type":"ImageObject","inLanguage":"hu","@id":"https:\/\/empyrean.hu\/#\/schema\/logo\/image\/","url":"https:\/\/empyrean.hu\/wp-content\/uploads\/2022\/09\/virag-logo-scaled.jpg","contentUrl":"https:\/\/empyrean.hu\/wp-content\/uploads\/2022\/09\/virag-logo-scaled.jpg","width":2560,"height":1707,"caption":"Empyrean Rhodesian Ridgebacks"},"image":{"@id":"https:\/\/empyrean.hu\/#\/schema\/logo\/image\/"},"sameAs":["https:\/\/www.facebook.com\/virag.orczi","https:\/\/www.instagram.com\/empyrean_ridgeback\/"]}]}},"_links":{"self":[{"href":"https:\/\/empyrean.hu\/hu\/wp-json\/wp\/v2\/pages\/19","targetHints":{"allow":["GET"]}}],"collection":[{"href":"https:\/\/empyrean.hu\/hu\/wp-json\/wp\/v2\/pages"}],"about":[{"href":"https:\/\/empyrean.hu\/hu\/wp-json\/wp\/v2\/types\/page"}],"author":[{"embeddable":true,"href":"https:\/\/empyrean.hu\/hu\/wp-json\/wp\/v2\/users\/1"}],"replies":[{"embeddable":true,"href":"https:\/\/empyrean.hu\/hu\/wp-json\/wp\/v2\/comments?post=19"}],"version-history":[{"count":119,"href":"https:\/\/empyrean.hu\/hu\/wp-json\/wp\/v2\/pages\/19\/revisions"}],"predecessor-version":[{"id":2635,"href":"https:\/\/empyrean.hu\/hu\/wp-json\/wp\/v2\/pages\/19\/revisions\/2635"}],"wp:attachment":[{"href":"https:\/\/empyrean.hu\/hu\/wp-json\/wp\/v2\/media?parent=19"}],"curies":[{"name":"wp","href":"https:\/\/api.w.org\/{rel}","templated":true}]}}